{"id":13500,"date":"2023-07-19T15:03:18","date_gmt":"2023-07-19T15:03:18","guid":{"rendered":"https:\/\/www.freewayseguros.com\/blog\/?page_id=13500"},"modified":"2024-11-13T19:07:21","modified_gmt":"2024-11-13T19:07:21","slug":"recursos","status":"publish","type":"page","link":"https:\/\/www.freewayseguros.com\/blog\/recursos\/","title":{"rendered":"Recursos"},"content":{"rendered":"<section class=\"c-blog-section\">\n    <div class=\"o-wrapper o-wrapper--large\">\n        <div class=\"c-blog-section__header\">\n            <h2 class=\"c-blog-section__title\">\n                Finanzas            <\/h2>\n        <\/div>\n        <div class=\"c-blog-section__content\">\n            <div class=\"s-cms-content s-cms-content--blog\">\n                <p>\n                                    <\/p>\n            <\/div>\n            <div class=\"c-minisite-preview\">\n\n                <ul class=\"o-list-bare c-minisite-preview__list c-minisite-preview__list--boxes\">\n                                                                       \n                                <li class=\"o-list-bare__item c-minisite-preview__item\">\n                                    <div class=\"c-article-preview\">\n                                        <div class=\"c-article-preview__info\">\n                                                                                        <div class=\"c-article-preview__read-time\">\n                                                3 minutos de lectura                                            <\/div>\n                                        <\/div>\n                                        <div class=\"c-article-preview__content\">\n                                            <a class=\"c-article-preview__title-link\" href=\"https:\/\/www.freewayseguros.com\/blog\/finanzas\/como-abrir-una-cuenta-de-banco-online-en-usa\/\">\n                                                <h3 class=\"c-article-preview__title\">\n                                                    \u00bfC\u00f3mo abrir una cuenta de banco online en USA?                                                <\/h3>\n                                            <\/a>\n                                            <picture class=\"c-article-preview__pic\">\n                                                <img decoding=\"async\" class=\"c-article-preview__img\" src=\"https:\/\/www.freewayseguros.com\/blog\/wp-content\/uploads\/sites\/2\/2024\/07\/Como-abrir-una-cuenta-de-banco-online-en-eeuu-1160x652-1-120x75.jpg\"\n                                                    srcset=\"https:\/\/www.freewayseguros.com\/blog\/wp-content\/uploads\/sites\/2\/2024\/07\/Como-abrir-una-cuenta-de-banco-online-en-eeuu-1160x652-1-240x150.jpg 2x\" alt=\"\" aria-hidden=\"true\"\n                                                    loading=\"lazy\" width=\"120\" height=\"75\">\n                                            <\/picture>\n                                        <\/div>\n                                    <\/div>\n                                <\/li>\n                                                   \n                                <li class=\"o-list-bare__item c-minisite-preview__item\">\n                                    <div class=\"c-article-preview\">\n                                        <div class=\"c-article-preview__info\">\n                                                                                        <div class=\"c-article-preview__read-time\">\n                                                3 minutos de lectura                                            <\/div>\n                                        <\/div>\n                                        <div class=\"c-article-preview__content\">\n                                            <a class=\"c-article-preview__title-link\" href=\"https:\/\/www.freewayseguros.com\/blog\/finanzas\/como-hacer-taxes-por-primera-vez-en-usa\/\">\n                                                <h3 class=\"c-article-preview__title\">\n                                                    C\u00f3mo hacer taxes por primera vez en USA                                                <\/h3>\n                                            <\/a>\n                                            <picture class=\"c-article-preview__pic\">\n                                                <img decoding=\"async\" class=\"c-article-preview__img\" src=\"https:\/\/www.freewayseguros.com\/blog\/wp-content\/uploads\/sites\/2\/2024\/06\/03-taxes-indocumentados@2x-120x75.jpg\"\n                                                    srcset=\"https:\/\/www.freewayseguros.com\/blog\/wp-content\/uploads\/sites\/2\/2024\/06\/03-taxes-indocumentados@2x-240x150.jpg 2x\" alt=\"\" aria-hidden=\"true\"\n                                                    loading=\"lazy\" width=\"120\" height=\"75\">\n                                            <\/picture>\n                                        <\/div>\n                                    <\/div>\n                                <\/li>\n                                                   \n                                <li class=\"o-list-bare__item c-minisite-preview__item\">\n                                    <div class=\"c-article-preview\">\n                                        <div class=\"c-article-preview__info\">\n                                                                                        <div class=\"c-article-preview__read-time\">\n                                                3 minutos de lectura                                            <\/div>\n                                        <\/div>\n                                        <div class=\"c-article-preview__content\">\n                                            <a class=\"c-article-preview__title-link\" href=\"https:\/\/www.freewayseguros.com\/blog\/finanzas\/guia-salir-deudas-en-usa\/\">\n                                                <h3 class=\"c-article-preview__title\">\n                                                    Gu\u00eda infalible para salir de deudas viviendo en USA\u00a0\u00a0                                                <\/h3>\n                                            <\/a>\n                                            <picture class=\"c-article-preview__pic\">\n                                                <img decoding=\"async\" class=\"c-article-preview__img\" src=\"https:\/\/www.freewayseguros.com\/blog\/wp-content\/uploads\/sites\/2\/2023\/08\/como-salir-deudas-en-usa-120x75.webp\"\n                                                    srcset=\"https:\/\/www.freewayseguros.com\/blog\/wp-content\/uploads\/sites\/2\/2023\/08\/como-salir-deudas-en-usa-240x150.webp 2x\" alt=\"Como salir de deudas en la usa\" aria-hidden=\"true\"\n                                                    loading=\"lazy\" width=\"120\" height=\"75\">\n                                            <\/picture>\n                                        <\/div>\n                                    <\/div>\n                                <\/li>\n                                                                                    <\/ul>\n                <div class=\"c-minisite-preview__controls\">\n                    <a class=\"c-button c-button--linear-blog\"\n                        href=\"https:\/\/www.freewayseguros.com\/blog\/finanzas\/\">Leer m\u00e1s sobre<br>\n                        Finanzas<span class=\"o-icon\"><svg aria-hidden=\"true\" focusable=\"false\" role=\"img\">\n                                <use\n                                    xlink:href=\"https:\/\/www.freewayseguros.com\/blog\/wp-content\/themes\/freewayv2\/template\/html\/images\/icons\/icons.svg#icon-arrow-right\">\n                                <\/use>\n                            <\/svg><\/span>\n                    <\/a>\n                <\/div>\n            <\/div>\n        <\/div>\n    <\/div>\n<\/section>\n\n<section class=\"c-blog-section\">\n    <div class=\"o-wrapper o-wrapper--large\">\n        <div class=\"c-blog-section__header\">\n            <h2 class=\"c-blog-section__title\">\n                Tecnolog\u00eda            <\/h2>\n        <\/div>\n        <div class=\"c-blog-section__content\">\n            <div class=\"s-cms-content s-cms-content--blog\">\n                <p>\n                                    <\/p>\n            <\/div>\n            <div class=\"c-minisite-preview\">\n\n                <ul class=\"o-list-bare c-minisite-preview__list c-minisite-preview__list--separator\">\n                                                                       \n                                <li class=\"o-list-bare__item c-minisite-preview__item\">\n                                    <div class=\"c-article-preview\">\n                                        <div class=\"c-article-preview__info\">\n                                                                                            <div class=\"c-article-preview__tags\">\n                                                                <a class=\"c-article-preview__tag\" href=\"https:\/\/www.freewayseguros.com\/blog\/tecnologia\/?tag=tech-tips\">\n                Tech Tips            <\/a>\n                                                                    <\/div>\n                                                                                        <div class=\"c-article-preview__read-time\">\n                                                3 minutos de lectura                                            <\/div>\n                                        <\/div>\n                                        <div class=\"c-article-preview__content\">\n                                            <a class=\"c-article-preview__title-link\" href=\"https:\/\/www.freewayseguros.com\/blog\/tecnologia\/como-desbloquear-telefono-tablet-celular\/\">\n                                                <h3 class=\"c-article-preview__title\">\n                                                    C\u00f3mo desbloquear un tel\u00e9fono o tablet: Gu\u00eda para liberar tu dispositivo\u00a0                                                <\/h3>\n                                            <\/a>\n                                            <picture class=\"c-article-preview__pic\">\n                                                <img decoding=\"async\" class=\"c-article-preview__img\" src=\"https:\/\/www.freewayseguros.com\/blog\/wp-content\/uploads\/sites\/2\/2023\/08\/como-desbloquear-telefono-celular-tablet-120x75.jpg\"\n                                                    srcset=\"https:\/\/www.freewayseguros.com\/blog\/wp-content\/uploads\/sites\/2\/2023\/08\/como-desbloquear-telefono-celular-tablet-240x150.jpg 2x\" alt=\"Como desbloquear un tel\u00e9fono celular o tablet\" aria-hidden=\"true\"\n                                                    loading=\"lazy\" width=\"120\" height=\"75\">\n                                            <\/picture>\n                                        <\/div>\n                                    <\/div>\n                                <\/li>\n                                                   \n                                <li class=\"o-list-bare__item c-minisite-preview__item\">\n                                    <div class=\"c-article-preview\">\n                                        <div class=\"c-article-preview__info\">\n                                                                                            <div class=\"c-article-preview__tags\">\n                                                                <a class=\"c-article-preview__tag\" href=\"https:\/\/www.freewayseguros.com\/blog\/tecnologia\/?tag=tech-tips\">\n                Tech Tips            <\/a>\n                                                                    <\/div>\n                                                                                        <div class=\"c-article-preview__read-time\">\n                                                3 minutos de lectura                                            <\/div>\n                                        <\/div>\n                                        <div class=\"c-article-preview__content\">\n                                            <a class=\"c-article-preview__title-link\" href=\"https:\/\/www.freewayseguros.com\/blog\/tecnologia\/para-que-sirve-la-realidad-virtual-descubre-sus-beneficios\/\">\n                                                <h3 class=\"c-article-preview__title\">\n                                                    \u00bfPara qu\u00e9 sirve la realidad virtual?: \u00a1Descubre sus beneficios!                                                <\/h3>\n                                            <\/a>\n                                            <picture class=\"c-article-preview__pic\">\n                                                <img decoding=\"async\" class=\"c-article-preview__img\" src=\"https:\/\/www.freewayseguros.com\/blog\/wp-content\/uploads\/sites\/2\/2023\/07\/\u00bfPara-que-sirve-la-realidad-virtual-\u00a1Descubre-sus-beneficios-120x75.webp\"\n                                                    srcset=\"https:\/\/www.freewayseguros.com\/blog\/wp-content\/uploads\/sites\/2\/2023\/07\/\u00bfPara-que-sirve-la-realidad-virtual-\u00a1Descubre-sus-beneficios-240x150.webp 2x\" alt=\"Beneficios de la realidad virtual.\" aria-hidden=\"true\"\n                                                    loading=\"lazy\" width=\"120\" height=\"75\">\n                                            <\/picture>\n                                        <\/div>\n                                    <\/div>\n                                <\/li>\n                                                                                    <\/ul>\n                <div class=\"c-minisite-preview__controls\">\n                    <a class=\"c-button c-button--linear-blog\"\n                        href=\"https:\/\/www.freewayseguros.com\/blog\/tecnologia\/\">Leer m\u00e1s sobre<br>\n                        Tecnolog\u00eda<span class=\"o-icon\"><svg aria-hidden=\"true\" focusable=\"false\" role=\"img\">\n                                <use\n                                    xlink:href=\"https:\/\/www.freewayseguros.com\/blog\/wp-content\/themes\/freewayv2\/template\/html\/images\/icons\/icons.svg#icon-arrow-right\">\n                                <\/use>\n                            <\/svg><\/span>\n                    <\/a>\n                <\/div>\n            <\/div>\n        <\/div>\n    <\/div>\n<\/section>\n\n<section class=\"c-blog-section\">\n    <div class=\"o-wrapper o-wrapper--large\">\n        <div class=\"c-blog-section__header\">\n            <h2 class=\"c-blog-section__title\">\n                Viajes            <\/h2>\n        <\/div>\n        <div class=\"c-blog-section__content\">\n            <div class=\"s-cms-content s-cms-content--blog\">\n                <p>\n                                    <\/p>\n            <\/div>\n            <div class=\"c-minisite-preview\">\n\n                <ul class=\"o-list-bare c-minisite-preview__list c-minisite-preview__list--boxes\">\n                                                                       \n                                <li class=\"o-list-bare__item c-minisite-preview__item\">\n                                    <div class=\"c-article-preview\">\n                                        <div class=\"c-article-preview__info\">\n                                                                                        <div class=\"c-article-preview__read-time\">\n                                                3 minutos de lectura                                            <\/div>\n                                        <\/div>\n                                        <div class=\"c-article-preview__content\">\n                                            <a class=\"c-article-preview__title-link\" href=\"https:\/\/www.freewayseguros.com\/blog\/viajes\/inspeccion-de-vehiculos-en-usa-por-tipo-y-estado\/\">\n                                                <h3 class=\"c-article-preview__title\">\n                                                    Inspecci\u00f3n de veh\u00edculos en USA por tipo y estado                                                <\/h3>\n                                            <\/a>\n                                            <picture class=\"c-article-preview__pic\">\n                                                <img decoding=\"async\" class=\"c-article-preview__img\" src=\"https:\/\/www.freewayseguros.com\/blog\/wp-content\/uploads\/sites\/2\/2025\/07\/inspeccion-de-vehiculos-en-usa-120x75.jpg\"\n                                                    srcset=\"https:\/\/www.freewayseguros.com\/blog\/wp-content\/uploads\/sites\/2\/2025\/07\/inspeccion-de-vehiculos-en-usa-240x150.jpg 2x\" alt=\"inspeccion de vehiculos en usa\" aria-hidden=\"true\"\n                                                    loading=\"lazy\" width=\"120\" height=\"75\">\n                                            <\/picture>\n                                        <\/div>\n                                    <\/div>\n                                <\/li>\n                                                   \n                                <li class=\"o-list-bare__item c-minisite-preview__item\">\n                                    <div class=\"c-article-preview\">\n                                        <div class=\"c-article-preview__info\">\n                                                                                        <div class=\"c-article-preview__read-time\">\n                                                3 minutos de lectura                                            <\/div>\n                                        <\/div>\n                                        <div class=\"c-article-preview__content\">\n                                            <a class=\"c-article-preview__title-link\" href=\"https:\/\/www.freewayseguros.com\/blog\/viajes\/cual-es-el-mejor-pase-de-peaje-en-estados-unidos\/\">\n                                                <h3 class=\"c-article-preview__title\">\n                                                    \u00bfCu\u00e1l es el mejor pase de peaje en Estados Unidos?                                                <\/h3>\n                                            <\/a>\n                                            <picture class=\"c-article-preview__pic\">\n                                                <img decoding=\"async\" class=\"c-article-preview__img\" src=\"https:\/\/www.freewayseguros.com\/blog\/wp-content\/uploads\/sites\/2\/2025\/06\/mejores-pases-de-peaje-en-estados-unidos-b-120x75.jpg\"\n                                                    srcset=\"https:\/\/www.freewayseguros.com\/blog\/wp-content\/uploads\/sites\/2\/2025\/06\/mejores-pases-de-peaje-en-estados-unidos-b-240x150.jpg 2x\" alt=\"\" aria-hidden=\"true\"\n                                                    loading=\"lazy\" width=\"120\" height=\"75\">\n                                            <\/picture>\n                                        <\/div>\n                                    <\/div>\n                                <\/li>\n                                                   \n                                <li class=\"o-list-bare__item c-minisite-preview__item\">\n                                    <div class=\"c-article-preview\">\n                                        <div class=\"c-article-preview__info\">\n                                                                                            <div class=\"c-article-preview__tags\">\n                                                                <a class=\"c-article-preview__tag\" href=\"https:\/\/www.freewayseguros.com\/blog\/viajes\/?tag=viajeros\">\n                Viajeros            <\/a>\n                                                                    <\/div>\n                                                                                        <div class=\"c-article-preview__read-time\">\n                                                3 minutos de lectura                                            <\/div>\n                                        <\/div>\n                                        <div class=\"c-article-preview__content\">\n                                            <a class=\"c-article-preview__title-link\" href=\"https:\/\/www.freewayseguros.com\/blog\/viajes\/donde-viajar-residencia-americana\/\">\n                                                <h3 class=\"c-article-preview__title\">\n                                                    \u00bfA d\u00f3nde puedo viajar con residencia americana?: Gu\u00eda de destinos\u00a0                                                <\/h3>\n                                            <\/a>\n                                            <picture class=\"c-article-preview__pic\">\n                                                <img decoding=\"async\" class=\"c-article-preview__img\" src=\"https:\/\/www.freewayseguros.com\/blog\/wp-content\/uploads\/sites\/2\/2023\/08\/donde-puedo-viajar-residencia-americana-120x75.jpg\"\n                                                    srcset=\"https:\/\/www.freewayseguros.com\/blog\/wp-content\/uploads\/sites\/2\/2023\/08\/donde-puedo-viajar-residencia-americana-240x150.jpg 2x\" alt=\"Donde puedo viajar con residencia americana\" aria-hidden=\"true\"\n                                                    loading=\"lazy\" width=\"120\" height=\"75\">\n                                            <\/picture>\n                                        <\/div>\n                                    <\/div>\n                                <\/li>\n                                                                                    <\/ul>\n                <div class=\"c-minisite-preview__controls\">\n                    <a class=\"c-button c-button--linear-blog\"\n                        href=\"https:\/\/www.freewayseguros.com\/blog\/viajes\/\">Leer m\u00e1s sobre<br>\n                        Viajes<span class=\"o-icon\"><svg aria-hidden=\"true\" focusable=\"false\" role=\"img\">\n                                <use\n                                    xlink:href=\"https:\/\/www.freewayseguros.com\/blog\/wp-content\/themes\/freewayv2\/template\/html\/images\/icons\/icons.svg#icon-arrow-right\">\n                                <\/use>\n                            <\/svg><\/span>\n                    <\/a>\n                <\/div>\n            <\/div>\n        <\/div>\n    <\/div>\n<\/section>\n\n\n<section class=\"c-contact-channels\">\n        <div class=\"o-wrapper o-wrapper--large\">\n        <div class=\"c-contact-channels__content\">\n            <h2 class=\"c-contact-channels__title \">Te invitamos a ponerte en contacto con nosotros.<\/h2>\n                            <div class=\"c-contact-channels__text\"><\/div>\n                        <div class=\"c-contact-channels__channel\">\n                                                <div class=\"c-contact-channels__channel_item\">\n                                    <a class=\"c-contact-channels__channel_icon c-contact-channels__channel_icon--online\" target=\"_self\" href=\"#modal-turbo\" aria-label=\"Get a quote online\">\n                                        <span class=\"o-icon\"><svg aria-hidden=\"true\" focusable=\"false\" role=\"img\"><use xlink:href=\"https:\/\/www.freewayseguros.com\/blog\/wp-content\/themes\/freewayv2\/template\/html\/images\/icons\/icons.svg#icon-quote\"><\/use><\/svg><\/span>\n                                    <\/a>\n                                    <span class=\"c-contact-channels__channel_text\">En l\u00ednea<\/span>\n                                <\/div>\n                                                            <div class=\"c-contact-channels__channel_item\">\n                                    <a class=\"c-contact-channels__channel_icon c-contact-channels__channel_icon--phone\" target=\"_self\" href=\"tel:800-441-5533\" aria-label=\"Get a quote over the phone\">\n                                        <span class=\"o-icon\"><svg aria-hidden=\"true\" focusable=\"false\" role=\"img\"><use xlink:href=\"https:\/\/www.freewayseguros.com\/blog\/wp-content\/themes\/freewayv2\/template\/html\/images\/icons\/icons.svg#icon-phone\"><\/use><\/svg><\/span>\n                                    <\/a>\n                                    <span class=\"c-contact-channels__channel_text\">Por tel\u00e9fono<\/span>\n                                <\/div>\n                                                            <div class=\"c-contact-channels__channel_item\">\n                                    <a class=\"c-contact-channels__channel_icon c-contact-channels__channel_icon--ubication\" target=\"_self\" href=\"https:\/\/oficinas.freewayseguros.com\/?_ga=2.210104465.527818280.1689777848-2009740733.1683576648\" aria-label=\"Get a quote in our offices\">\n                                        <span class=\"o-icon\"><svg aria-hidden=\"true\" focusable=\"false\" role=\"img\"><use xlink:href=\"https:\/\/www.freewayseguros.com\/blog\/wp-content\/themes\/freewayv2\/template\/html\/images\/icons\/icons.svg#icon-location\"><\/use><\/svg><\/span>\n                                    <\/a>\n                                    <span class=\"c-contact-channels__channel_text\">Vis\u00edtanos<\/span>\n                                <\/div>\n                                        <\/div>\n        <\/div>\n    <\/div>\n\n<\/section>","protected":false},"excerpt":{"rendered":"","protected":false},"author":1,"featured_media":0,"parent":0,"menu_order":0,"comment_status":"closed","ping_status":"closed","template":"blogv2\/page-minisites.php","meta":{"_acf_changed":false,"footnotes":""},"acf":[],"_links":{"self":[{"href":"https:\/\/www.freewayseguros.com\/blog\/wp-json\/wp\/v2\/pages\/13500"}],"collection":[{"href":"https:\/\/www.freewayseguros.com\/blog\/wp-json\/wp\/v2\/pages"}],"about":[{"href":"https:\/\/www.freewayseguros.com\/blog\/wp-json\/wp\/v2\/types\/page"}],"author":[{"embeddable":true,"href":"https:\/\/www.freewayseguros.com\/blog\/wp-json\/wp\/v2\/users\/1"}],"replies":[{"embeddable":true,"href":"https:\/\/www.freewayseguros.com\/blog\/wp-json\/wp\/v2\/comments?post=13500"}],"version-history":[{"count":8,"href":"https:\/\/www.freewayseguros.com\/blog\/wp-json\/wp\/v2\/pages\/13500\/revisions"}],"predecessor-version":[{"id":18899,"href":"https:\/\/www.freewayseguros.com\/blog\/wp-json\/wp\/v2\/pages\/13500\/revisions\/18899"}],"wp:attachment":[{"href":"https:\/\/www.freewayseguros.com\/blog\/wp-json\/wp\/v2\/media?parent=13500"}],"curies":[{"name":"wp","href":"https:\/\/api.w.org\/{rel}","templated":true}]}}